{"id":8,"date":"2016-09-27T23:13:30","date_gmt":"2016-09-27T21:13:30","guid":{"rendered":"http:\/\/sculptureetcollection.com\/maquette\/?page_id=8"},"modified":"2022-11-30T10:35:59","modified_gmt":"2022-11-30T09:35:59","slug":"les-specialistes","status":"publish","type":"page","link":"https:\/\/sculptureetcollection.com\/en\/cabinet-dexpertise\/les-specialistes\/","title":{"rendered":"L&#8217;\u00e9quipe"},"content":{"rendered":"<h2>Elodie Jeannest de Gyv\u00e8s<\/h2>\n<p><img loading=\"lazy\" class=\"alignnone size-medium wp-image-9836\" src=\"https:\/\/sculptureetcollection.com\/wp-content\/uploads\/2020\/11\/Elodie-Jeannest-web-281x300.jpg\" alt=\"\" width=\"281\" height=\"300\" srcset=\"https:\/\/sculptureetcollection.com\/wp-content\/uploads\/2020\/11\/Elodie-Jeannest-web-281x300.jpg 281w, https:\/\/sculptureetcollection.com\/wp-content\/uploads\/2020\/11\/Elodie-Jeannest-web-768x821.jpg 768w, https:\/\/sculptureetcollection.com\/wp-content\/uploads\/2020\/11\/Elodie-Jeannest-web-168x180.jpg 168w, https:\/\/sculptureetcollection.com\/wp-content\/uploads\/2020\/11\/Elodie-Jeannest-web-253x270.jpg 253w, https:\/\/sculptureetcollection.com\/wp-content\/uploads\/2020\/11\/Elodie-Jeannest-web.jpg 800w\" sizes=\"(max-width: 281px) 100vw, 281px\" \/><\/p>\n<p>Dipl\u00f4m\u00e9e de la Sorbonne et de l\u2019Ecole du Louvre, Elodie Jeannest de Gyv\u00e8s est sp\u00e9cialiste de sculpture ancienne (Moyen-\u00c2ge, Renaissance et Baroque) et membre du Syndicat Fran\u00e7ais des Experts Professionnels en \u0152uvres d\u2019Art. Sa carri\u00e8re commenc\u00e9e \u00e0 la Cit\u00e9 de l\u2019Architecture et du Patrimoine en 2002 s\u2019est poursuivie \u00e0 l\u2019Agence France-Mus\u00e9ums, op\u00e9rateur fran\u00e7ais du mus\u00e9e du Louvre Abu Dhabi. Cette mission comprenait une participation \u00e0 la r\u00e9daction du projet scientifique et culturel (PSC), la prospection, l\u2019\u00e9tude et la pr\u00e9-s\u00e9lection des acquisitions pour la p\u00e9riode m\u00e9di\u00e9vale. Ces fonctions lui ont notamment permis de d\u00e9velopper une ma\u00eetrise des relations entre institutions et march\u00e9 de l\u2019art sur le plan international. Ses pr\u00e9f\u00e9rences personnelles vont \u00e0 la sculpture romane fran\u00e7aise, \u00e0 l\u2019Ecole Souabe du XVe si\u00e8cle et les sculpteurs de l&#8217;\u00e9cole romaine autour du Bernin.<\/p>\n<p>contact : e.jeannest@sculptureetcollection.com<\/p>\n<p>&nbsp;<\/p>\n<h2>Alexandre Lacroix<\/h2>\n<p><img loading=\"lazy\" class=\"alignnone size-medium wp-image-9822\" src=\"https:\/\/sculptureetcollection.com\/wp-content\/uploads\/2020\/11\/Alexandre-Lacroix-2-web-286x300.jpg\" alt=\"\" width=\"286\" height=\"300\" srcset=\"https:\/\/sculptureetcollection.com\/wp-content\/uploads\/2020\/11\/Alexandre-Lacroix-2-web-286x300.jpg 286w, https:\/\/sculptureetcollection.com\/wp-content\/uploads\/2020\/11\/Alexandre-Lacroix-2-web-975x1024.jpg 975w, https:\/\/sculptureetcollection.com\/wp-content\/uploads\/2020\/11\/Alexandre-Lacroix-2-web-768x806.jpg 768w, https:\/\/sculptureetcollection.com\/wp-content\/uploads\/2020\/11\/Alexandre-Lacroix-2-web-1463x1536.jpg 1463w, https:\/\/sculptureetcollection.com\/wp-content\/uploads\/2020\/11\/Alexandre-Lacroix-2-web-171x180.jpg 171w, https:\/\/sculptureetcollection.com\/wp-content\/uploads\/2020\/11\/Alexandre-Lacroix-2-web-257x270.jpg 257w, https:\/\/sculptureetcollection.com\/wp-content\/uploads\/2020\/11\/Alexandre-Lacroix-2-web.jpg 1800w\" sizes=\"(max-width: 286px) 100vw, 286px\" \/><\/p>\n<p>Sp\u00e9cialiste de la sculpture des XVIIe et XVIIIe si\u00e8cles, Alexandre Lacroix est issu d\u2019une famille d\u2019experts reconnus. Fort de vingt-cinq ans d\u2019exp\u00e9rience dans le march\u00e9 de l\u2019art, il est membre du Syndicat Fran\u00e7ais des Experts Professionnels en \u0152uvres d\u2019Art. Les plus grandes maisons de ventes publiques fran\u00e7aises (Artcurial, Tajan, Binoche &amp; Giquello) font confiance \u00e0 son \u0153il. Ses domaines de pr\u00e9dilection sont les bronzes du XVIIe si\u00e8cle (Anguier, Van Cl\u00e8ve, Giambologna, Susini) et les terres cuites du XVIIIe si\u00e8cle fran\u00e7ais (Clodion, Pajou et Houdon).<\/p>\n<p>Contact : a.lacroix@sculptureetcollection.com<\/p>\n<p>&nbsp;<\/p>\n<h2>Claire Flon<\/h2>\n<p><img loading=\"lazy\" class=\"alignnone size-medium wp-image-13490\" src=\"https:\/\/sculptureetcollection.com\/wp-content\/uploads\/2021\/09\/Claire8-286x300.jpg\" alt=\"\" width=\"286\" height=\"300\" srcset=\"https:\/\/sculptureetcollection.com\/wp-content\/uploads\/2021\/09\/Claire8-286x300.jpg 286w, https:\/\/sculptureetcollection.com\/wp-content\/uploads\/2021\/09\/Claire8-975x1024.jpg 975w, https:\/\/sculptureetcollection.com\/wp-content\/uploads\/2021\/09\/Claire8-768x806.jpg 768w, https:\/\/sculptureetcollection.com\/wp-content\/uploads\/2021\/09\/Claire8-1463x1536.jpg 1463w, https:\/\/sculptureetcollection.com\/wp-content\/uploads\/2021\/09\/Claire8-171x180.jpg 171w, https:\/\/sculptureetcollection.com\/wp-content\/uploads\/2021\/09\/Claire8-257x270.jpg 257w, https:\/\/sculptureetcollection.com\/wp-content\/uploads\/2021\/09\/Claire8.jpg 1829w\" sizes=\"(max-width: 286px) 100vw, 286px\" \/><\/p>\n<p>Apr\u00e8s quatre ans de formation en histoire de l\u2019art \u00e0 l\u2019universit\u00e9 de Lille, Claire Flon int\u00e8gre l\u2019Ecole du Louvre en Master 2, parcours March\u00e9 de l\u2019art. En 2019, en parall\u00e8le d\u2019un stage au sein de la maison de ventes Thierry de Maigret elle est l\u2019auteur d\u2019un m\u00e9moire sur \u00ab Le march\u00e9 actuel du petit bronze des XVI\u00e8me et XVII\u00e8me si\u00e8cles \u00bb.<span class=\"Apple-converted-space\">\u00a0<\/span>Pr\u00e9sente dans l\u2019\u00e9quipe de Sculpture et Collection depuis septembre 2020, Claire Flon occupe un poste de collaboratrice scientifique, alliant travail de recherche et administration.<span class=\"Apple-converted-space\">\u00a0<\/span><\/p>\n<p>Contact: contact@sculptureetcollection.com<\/p>\n<p>&nbsp;<\/p>\n<p>&nbsp;<\/p>\n<p>&nbsp;<\/p>\n","protected":false},"excerpt":{"rendered":"<p>En structurant son cabinet d\u2019expertise riche d\u2019un important carnet de prestigieux clients Alexandre Lacroix, expert reconnu, fort de vingt ans d\u2019exp\u00e9riences dans le march\u00e9 de l\u2019art s\u2019associe \u00e0 des partenaires et consultants<\/p>\n","protected":false},"author":1,"featured_media":9834,"parent":527,"menu_order":1,"comment_status":"closed","ping_status":"closed","template":"","meta":[],"yoast_head":"<!-- This site is optimized with the Yoast SEO plugin v15.2.1 - https:\/\/yoast.com\/wordpress\/plugins\/seo\/ -->\n<meta name=\"robots\" content=\"index, follow, max-snippet:-1, max-image-preview:large, max-video-preview:-1\" \/>\n<link rel=\"canonical\" href=\"https:\/\/sculptureetcollection.com\/en\/cabinet-dexpertise\/les-specialistes\/\" \/>\n<meta property=\"og:locale\" content=\"en_US\" \/>\n<meta property=\"og:type\" content=\"article\" \/>\n<meta property=\"og:title\" content=\"L&#039;\u00e9quipe - sculpture&amp;collection\" \/>\n<meta property=\"og:description\" content=\"En structurant son cabinet d\u2019expertise riche d\u2019un important carnet de prestigieux clients Alexandre Lacroix, expert reconnu, fort de vingt ans d\u2019exp\u00e9riences dans le march\u00e9 de l\u2019art s\u2019associe \u00e0 des partenaires et consultants\" \/>\n<meta property=\"og:url\" content=\"https:\/\/sculptureetcollection.com\/cabinet-dexpertise\/les-specialistes\/\" \/>\n<meta property=\"og:site_name\" content=\"sculpture&amp;collection\" \/>\n<meta property=\"article:modified_time\" content=\"2022-11-30T09:35:59+00:00\" \/>\n<meta property=\"og:image\" content=\"https:\/\/sculptureetcollection.com\/wp-content\/uploads\/2020\/11\/Elodie-J-et-Alexandre-L-3.-web.jpg\" \/>\n\t<meta property=\"og:image:width\" content=\"800\" \/>\n\t<meta property=\"og:image:height\" content=\"557\" \/>\n<meta name=\"twitter:card\" content=\"summary\" \/>\n<meta name=\"twitter:label1\" content=\"Written by\">\n\t<meta name=\"twitter:data1\" content=\"birgit.b\">\n\t<meta name=\"twitter:label2\" content=\"Est. reading time\">\n\t<meta name=\"twitter:data2\" content=\"2 minutes\">\n<script type=\"application\/ld+json\" class=\"yoast-schema-graph\">{\"@context\":\"https:\/\/schema.org\",\"@graph\":[{\"@type\":\"WebSite\",\"@id\":\"https:\/\/sculptureetcollection.com\/#website\",\"url\":\"https:\/\/sculptureetcollection.com\/\",\"name\":\"sculpture&amp;collection\",\"description\":\"\",\"potentialAction\":[{\"@type\":\"SearchAction\",\"target\":\"https:\/\/sculptureetcollection.com\/?s={search_term_string}\",\"query-input\":\"required name=search_term_string\"}],\"inLanguage\":\"en-US\"},{\"@type\":\"ImageObject\",\"@id\":\"https:\/\/sculptureetcollection.com\/cabinet-dexpertise\/les-specialistes\/#primaryimage\",\"inLanguage\":\"en-US\",\"url\":\"https:\/\/sculptureetcollection.com\/wp-content\/uploads\/2020\/11\/Elodie-J-et-Alexandre-L-3.-web.jpg\",\"width\":800,\"height\":557},{\"@type\":\"WebPage\",\"@id\":\"https:\/\/sculptureetcollection.com\/cabinet-dexpertise\/les-specialistes\/#webpage\",\"url\":\"https:\/\/sculptureetcollection.com\/cabinet-dexpertise\/les-specialistes\/\",\"name\":\"L'\\u00e9quipe - sculpture&amp;collection\",\"isPartOf\":{\"@id\":\"https:\/\/sculptureetcollection.com\/#website\"},\"primaryImageOfPage\":{\"@id\":\"https:\/\/sculptureetcollection.com\/cabinet-dexpertise\/les-specialistes\/#primaryimage\"},\"datePublished\":\"2016-09-27T21:13:30+00:00\",\"dateModified\":\"2022-11-30T09:35:59+00:00\",\"inLanguage\":\"en-US\",\"potentialAction\":[{\"@type\":\"ReadAction\",\"target\":[\"https:\/\/sculptureetcollection.com\/cabinet-dexpertise\/les-specialistes\/\"]}]}]}<\/script>\n<!-- \/ Yoast SEO plugin. -->","_links":{"self":[{"href":"https:\/\/sculptureetcollection.com\/en\/wp-json\/wp\/v2\/pages\/8\/"}],"collection":[{"href":"https:\/\/sculptureetcollection.com\/en\/wp-json\/wp\/v2\/pages\/"}],"about":[{"href":"https:\/\/sculptureetcollection.com\/en\/wp-json\/wp\/v2\/types\/page\/"}],"author":[{"embeddable":true,"href":"https:\/\/sculptureetcollection.com\/en\/wp-json\/wp\/v2\/users\/1\/"}],"replies":[{"embeddable":true,"href":"https:\/\/sculptureetcollection.com\/en\/wp-json\/wp\/v2\/comments\/?post=8"}],"version-history":[{"count":89,"href":"https:\/\/sculptureetcollection.com\/en\/wp-json\/wp\/v2\/pages\/8\/revisions\/"}],"predecessor-version":[{"id":28154,"href":"https:\/\/sculptureetcollection.com\/en\/wp-json\/wp\/v2\/pages\/8\/revisions\/28154\/"}],"up":[{"embeddable":true,"href":"https:\/\/sculptureetcollection.com\/en\/wp-json\/wp\/v2\/pages\/527\/"}],"wp:featuredmedia":[{"embeddable":true,"href":"https:\/\/sculptureetcollection.com\/en\/wp-json\/wp\/v2\/media\/9834\/"}],"wp:attachment":[{"href":"https:\/\/sculptureetcollection.com\/en\/wp-json\/wp\/v2\/media\/?parent=8"}],"curies":[{"name":"wp","href":"https:\/\/api.w.org\/{rel}","templated":true}]}}