{"id":372,"date":"2016-11-07T13:30:29","date_gmt":"2016-11-07T12:30:29","guid":{"rendered":"http:\/\/sculptureetcollection.com\/maquette\/?page_id=372"},"modified":"2021-10-21T17:49:29","modified_gmt":"2021-10-21T15:49:29","slug":"le-69-rue-sainte-anne","status":"publish","type":"page","link":"https:\/\/sculptureetcollection.com\/en\/cabinet-dexpertise\/le-69-rue-sainte-anne\/","title":{"rendered":"Le lieu"},"content":{"rendered":"<p>&nbsp;<\/p>\n<p>&nbsp;<\/p>\n<p>Situ\u00e9 entre l\u2019h\u00f4tel des ventes de Drouot et le mus\u00e9e du Louvre, le cabinet Sculpture &amp; Collection est install\u00e9 au 69, rue Sainte-Anne, dans un h\u00f4tel particulier du XVII\u00e8me si\u00e8cle, ancienne propri\u00e9t\u00e9 du marquis de Louvois.<\/p>\n<p>Le b\u00e2timent est aujourd\u2019hui d\u00e9di\u00e9 aux Beaux-Arts, les trois disciplines y sont repr\u00e9sent\u00e9es : Sculpture &amp; Collection y c\u00f4toie les cabinets Turquin et de Bayser, experts en peinture et en dessin. Nous nous trouvons au 3\u00e8me \u00e9tage.<\/p>\n","protected":false},"excerpt":{"rendered":"<p>&nbsp; &nbsp; Situ\u00e9 entre l\u2019h\u00f4tel des ventes de Drouot et le mus\u00e9e du Louvre, le cabinet Sculpture &amp; Collection est install\u00e9 au 69, rue Sainte-Anne, dans un h\u00f4tel particulier du XVII\u00e8me si\u00e8cle, ancienne propri\u00e9t\u00e9 du marquis de Louvois. Le b\u00e2timent est aujourd\u2019hui d\u00e9di\u00e9 aux Beaux-Arts, les trois disciplines y sont repr\u00e9sent\u00e9es : Sculpture &amp; Collection [&hellip;]<\/p>\n","protected":false},"author":2,"featured_media":9838,"parent":527,"menu_order":0,"comment_status":"closed","ping_status":"closed","template":"page-297.php","meta":[],"yoast_head":"<!-- This site is optimized with the Yoast SEO plugin v15.2.1 - https:\/\/yoast.com\/wordpress\/plugins\/seo\/ -->\n<meta name=\"robots\" content=\"index, follow, max-snippet:-1, max-image-preview:large, max-video-preview:-1\" \/>\n<link rel=\"canonical\" href=\"https:\/\/sculptureetcollection.com\/en\/cabinet-dexpertise\/le-69-rue-sainte-anne\/\" \/>\n<meta property=\"og:locale\" content=\"en_US\" \/>\n<meta property=\"og:type\" content=\"article\" \/>\n<meta property=\"og:title\" content=\"Le lieu - sculpture&amp;collection\" \/>\n<meta property=\"og:description\" content=\"&nbsp; &nbsp; Situ\u00e9 entre l\u2019h\u00f4tel des ventes de Drouot et le mus\u00e9e du Louvre, le cabinet Sculpture &amp; Collection est install\u00e9 au 69, rue Sainte-Anne, dans un h\u00f4tel particulier du XVII\u00e8me si\u00e8cle, ancienne propri\u00e9t\u00e9 du marquis de Louvois. Le b\u00e2timent est aujourd\u2019hui d\u00e9di\u00e9 aux Beaux-Arts, les trois disciplines y sont repr\u00e9sent\u00e9es : Sculpture &amp; Collection [&hellip;]\" \/>\n<meta property=\"og:url\" content=\"https:\/\/sculptureetcollection.com\/cabinet-dexpertise\/le-69-rue-sainte-anne\/\" \/>\n<meta property=\"og:site_name\" content=\"sculpture&amp;collection\" \/>\n<meta property=\"article:modified_time\" content=\"2021-10-21T15:49:29+00:00\" \/>\n<meta property=\"og:image\" content=\"https:\/\/sculptureetcollection.com\/wp-content\/uploads\/2020\/11\/HS5A5640-scaled.jpg\" \/>\n\t<meta property=\"og:image:width\" content=\"1920\" \/>\n\t<meta property=\"og:image:height\" content=\"1280\" \/>\n<meta name=\"twitter:card\" content=\"summary\" \/>\n<meta name=\"twitter:label1\" content=\"Written by\">\n\t<meta name=\"twitter:data1\" content=\"Axel Chanfrault\">\n\t<meta name=\"twitter:label2\" content=\"Est. reading time\">\n\t<meta name=\"twitter:data2\" content=\"0 minutes\">\n<script type=\"application\/ld+json\" class=\"yoast-schema-graph\">{\"@context\":\"https:\/\/schema.org\",\"@graph\":[{\"@type\":\"WebSite\",\"@id\":\"https:\/\/sculptureetcollection.com\/#website\",\"url\":\"https:\/\/sculptureetcollection.com\/\",\"name\":\"sculpture&amp;collection\",\"description\":\"\",\"potentialAction\":[{\"@type\":\"SearchAction\",\"target\":\"https:\/\/sculptureetcollection.com\/?s={search_term_string}\",\"query-input\":\"required name=search_term_string\"}],\"inLanguage\":\"en-US\"},{\"@type\":\"ImageObject\",\"@id\":\"https:\/\/sculptureetcollection.com\/cabinet-dexpertise\/le-69-rue-sainte-anne\/#primaryimage\",\"inLanguage\":\"en-US\",\"url\":\"https:\/\/sculptureetcollection.com\/wp-content\/uploads\/2020\/11\/HS5A5640-scaled.jpg\",\"width\":1920,\"height\":1280},{\"@type\":\"WebPage\",\"@id\":\"https:\/\/sculptureetcollection.com\/cabinet-dexpertise\/le-69-rue-sainte-anne\/#webpage\",\"url\":\"https:\/\/sculptureetcollection.com\/cabinet-dexpertise\/le-69-rue-sainte-anne\/\",\"name\":\"Le lieu - sculpture&amp;collection\",\"isPartOf\":{\"@id\":\"https:\/\/sculptureetcollection.com\/#website\"},\"primaryImageOfPage\":{\"@id\":\"https:\/\/sculptureetcollection.com\/cabinet-dexpertise\/le-69-rue-sainte-anne\/#primaryimage\"},\"datePublished\":\"2016-11-07T12:30:29+00:00\",\"dateModified\":\"2021-10-21T15:49:29+00:00\",\"inLanguage\":\"en-US\",\"potentialAction\":[{\"@type\":\"ReadAction\",\"target\":[\"https:\/\/sculptureetcollection.com\/cabinet-dexpertise\/le-69-rue-sainte-anne\/\"]}]}]}<\/script>\n<!-- \/ Yoast SEO plugin. -->","_links":{"self":[{"href":"https:\/\/sculptureetcollection.com\/en\/wp-json\/wp\/v2\/pages\/372\/"}],"collection":[{"href":"https:\/\/sculptureetcollection.com\/en\/wp-json\/wp\/v2\/pages\/"}],"about":[{"href":"https:\/\/sculptureetcollection.com\/en\/wp-json\/wp\/v2\/types\/page\/"}],"author":[{"embeddable":true,"href":"https:\/\/sculptureetcollection.com\/en\/wp-json\/wp\/v2\/users\/2\/"}],"replies":[{"embeddable":true,"href":"https:\/\/sculptureetcollection.com\/en\/wp-json\/wp\/v2\/comments\/?post=372"}],"version-history":[{"count":24,"href":"https:\/\/sculptureetcollection.com\/en\/wp-json\/wp\/v2\/pages\/372\/revisions\/"}],"predecessor-version":[{"id":14071,"href":"https:\/\/sculptureetcollection.com\/en\/wp-json\/wp\/v2\/pages\/372\/revisions\/14071\/"}],"up":[{"embeddable":true,"href":"https:\/\/sculptureetcollection.com\/en\/wp-json\/wp\/v2\/pages\/527\/"}],"wp:featuredmedia":[{"embeddable":true,"href":"https:\/\/sculptureetcollection.com\/en\/wp-json\/wp\/v2\/media\/9838\/"}],"wp:attachment":[{"href":"https:\/\/sculptureetcollection.com\/en\/wp-json\/wp\/v2\/media\/?parent=372"}],"curies":[{"name":"wp","href":"https:\/\/api.w.org\/{rel}","templated":true}]}}