{"id":310,"date":"2016-11-02T23:15:49","date_gmt":"2016-11-02T22:15:49","guid":{"rendered":"http:\/\/sculptureetcollection.com\/maquette\/?page_id=310"},"modified":"2021-10-21T17:35:45","modified_gmt":"2021-10-21T15:35:45","slug":"expertise","status":"publish","type":"page","link":"https:\/\/sculptureetcollection.com\/en\/prestations\/expertise\/","title":{"rendered":"Expertise &#038; Estimation"},"content":{"rendered":"<div id=\"expertise\">\n<h2>EXPERTISE<\/h2>\n<p align=\"justify\"> Le champ principal d\u2019activit\u00e9 de Sculpture &amp; Collection est l\u2019expertise de tout objet sculpt\u00e9 occidental, du Moyen Age \u00e0 nos jours. Cette expertise s\u2019adresse aussi bien aux maisons de vente publique, qu\u2019aux institutions et aux particuliers. L\u2019expertise mobilise l\u2019ensemble de nos ressources et comp\u00e9tences et s\u2019effectue de mani\u00e8re coll\u00e9giale.<\/p>\n<p>Elle comprend trois axes principaux :<\/p>\n<ul>\n<li>La certification des \u0153uvres sculpt\u00e9es d\u00e9j\u00e0 identifi\u00e9es ;<\/li>\n<li>La recherche d\u2019attribution, de datation et d\u2019\u00e9cole, pour les \u0153uvres anonymes ;<\/li>\n<li>Un travail syst\u00e9matique sur la tra\u00e7abilit\u00e9 de l\u2019\u0153uvre pour s\u2019assurer qu\u2019elle n\u2019est pas recherch\u00e9e pour vol, spoliation, etc.<\/li>\n<\/ul>\n<p>Les avis oraux sont d\u00e9livr\u00e9s de mani\u00e8re gracieuse ; les expertises \u00e9crites sont factur\u00e9es.<\/p>\n<\/div>\n<div id=\"estimation\">\n<h2>ESTIMATION &#8211; EVALUATION<\/h2>\n<p align=\"justify\"> L\u2019estimation d\u2019une \u0153uvre peut \u00eatre \u00e9tablie pour une vente publique aux ench\u00e8res, pour la valorisation d\u2019une collection, pour une op\u00e9ration commerciale, pour un contrat d\u2019assurance, ou pour un inventaire de succession.<\/p>\n<p>La valeur d\u2019une sculpture est d\u00e9termin\u00e9e par les crit\u00e8res suivants :<\/p>\n<ul>\n<li>La place de son auteur dans l\u2019histoire de l\u2019art ;<\/li>\n<li>Ses qualit\u00e9s intrins\u00e8ques ;<\/li>\n<li>Son \u00e9tat de conservation ;<\/li>\n<li>Son historique (provenance, expositions et publications) ;<\/li>\n<li>Les tendances actuelles du march\u00e9 de l\u2019art.<\/li>\n<\/ul>\n<p align=\"justify\"> Dans le cadre d\u2019un mandat institutionnel, Sculpture &amp; Collection peut aussi donner une \u00e9valuation pour une donation, un legs ou une dation.<\/p>\n<p align=\"justify\"> Pour r\u00e9aliser une estimation ou une \u00e9valuation, Sculpture &amp; Collection s\u2019appuie sur une vaste documentation sp\u00e9cialis\u00e9e et sur la ma\u00eetrise des bases de donn\u00e9es et ressources num\u00e9riques.<\/p>\n<\/div>\n","protected":false},"excerpt":{"rendered":"<p>EXPERTISE Le champ principal d\u2019activit\u00e9 de Sculpture &amp; Collection est l\u2019expertise de tout objet sculpt\u00e9 occidental, du Moyen Age \u00e0 nos jours. Cette expertise s\u2019adresse aussi bien aux maisons de vente publique, qu\u2019aux institutions et aux particuliers. L\u2019expertise mobilise l\u2019ensemble de nos ressources et comp\u00e9tences et s\u2019effectue de mani\u00e8re coll\u00e9giale. Elle comprend trois axes principaux [&hellip;]<\/p>\n","protected":false},"author":1,"featured_media":9858,"parent":364,"menu_order":1,"comment_status":"closed","ping_status":"closed","template":"","meta":[],"yoast_head":"<!-- This site is optimized with the Yoast SEO plugin v15.2.1 - https:\/\/yoast.com\/wordpress\/plugins\/seo\/ -->\n<meta name=\"robots\" content=\"index, follow, max-snippet:-1, max-image-preview:large, max-video-preview:-1\" \/>\n<link rel=\"canonical\" href=\"https:\/\/sculptureetcollection.com\/en\/prestations\/expertise\/\" \/>\n<meta property=\"og:locale\" content=\"en_US\" \/>\n<meta property=\"og:type\" content=\"article\" \/>\n<meta property=\"og:title\" content=\"Expertise &amp; Estimation - sculpture&amp;collection\" \/>\n<meta property=\"og:description\" content=\"EXPERTISE Le champ principal d\u2019activit\u00e9 de Sculpture &amp; Collection est l\u2019expertise de tout objet sculpt\u00e9 occidental, du Moyen Age \u00e0 nos jours. Cette expertise s\u2019adresse aussi bien aux maisons de vente publique, qu\u2019aux institutions et aux particuliers. L\u2019expertise mobilise l\u2019ensemble de nos ressources et comp\u00e9tences et s\u2019effectue de mani\u00e8re coll\u00e9giale. Elle comprend trois axes principaux [&hellip;]\" \/>\n<meta property=\"og:url\" content=\"https:\/\/sculptureetcollection.com\/prestations\/expertise\/\" \/>\n<meta property=\"og:site_name\" content=\"sculpture&amp;collection\" \/>\n<meta property=\"article:modified_time\" content=\"2021-10-21T15:35:45+00:00\" \/>\n<meta property=\"og:image\" content=\"https:\/\/sculptureetcollection.com\/wp-content\/uploads\/2020\/11\/Carpeaux-1-scaled.jpg\" \/>\n\t<meta property=\"og:image:width\" content=\"1920\" \/>\n\t<meta property=\"og:image:height\" content=\"1920\" \/>\n<meta name=\"twitter:card\" content=\"summary\" \/>\n<meta name=\"twitter:label1\" content=\"Written by\">\n\t<meta name=\"twitter:data1\" content=\"birgit.b\">\n\t<meta name=\"twitter:label2\" content=\"Est. reading time\">\n\t<meta name=\"twitter:data2\" content=\"1 minute\">\n<script type=\"application\/ld+json\" class=\"yoast-schema-graph\">{\"@context\":\"https:\/\/schema.org\",\"@graph\":[{\"@type\":\"WebSite\",\"@id\":\"https:\/\/sculptureetcollection.com\/#website\",\"url\":\"https:\/\/sculptureetcollection.com\/\",\"name\":\"sculpture&amp;collection\",\"description\":\"\",\"potentialAction\":[{\"@type\":\"SearchAction\",\"target\":\"https:\/\/sculptureetcollection.com\/?s={search_term_string}\",\"query-input\":\"required name=search_term_string\"}],\"inLanguage\":\"en-US\"},{\"@type\":\"ImageObject\",\"@id\":\"https:\/\/sculptureetcollection.com\/prestations\/expertise\/#primaryimage\",\"inLanguage\":\"en-US\",\"url\":\"https:\/\/sculptureetcollection.com\/wp-content\/uploads\/2020\/11\/Carpeaux-1-scaled.jpg\",\"width\":1920,\"height\":1920},{\"@type\":\"WebPage\",\"@id\":\"https:\/\/sculptureetcollection.com\/prestations\/expertise\/#webpage\",\"url\":\"https:\/\/sculptureetcollection.com\/prestations\/expertise\/\",\"name\":\"Expertise & Estimation - sculpture&amp;collection\",\"isPartOf\":{\"@id\":\"https:\/\/sculptureetcollection.com\/#website\"},\"primaryImageOfPage\":{\"@id\":\"https:\/\/sculptureetcollection.com\/prestations\/expertise\/#primaryimage\"},\"datePublished\":\"2016-11-02T22:15:49+00:00\",\"dateModified\":\"2021-10-21T15:35:45+00:00\",\"inLanguage\":\"en-US\",\"potentialAction\":[{\"@type\":\"ReadAction\",\"target\":[\"https:\/\/sculptureetcollection.com\/prestations\/expertise\/\"]}]}]}<\/script>\n<!-- \/ Yoast SEO plugin. -->","_links":{"self":[{"href":"https:\/\/sculptureetcollection.com\/en\/wp-json\/wp\/v2\/pages\/310\/"}],"collection":[{"href":"https:\/\/sculptureetcollection.com\/en\/wp-json\/wp\/v2\/pages\/"}],"about":[{"href":"https:\/\/sculptureetcollection.com\/en\/wp-json\/wp\/v2\/types\/page\/"}],"author":[{"embeddable":true,"href":"https:\/\/sculptureetcollection.com\/en\/wp-json\/wp\/v2\/users\/1\/"}],"replies":[{"embeddable":true,"href":"https:\/\/sculptureetcollection.com\/en\/wp-json\/wp\/v2\/comments\/?post=310"}],"version-history":[{"count":21,"href":"https:\/\/sculptureetcollection.com\/en\/wp-json\/wp\/v2\/pages\/310\/revisions\/"}],"predecessor-version":[{"id":14183,"href":"https:\/\/sculptureetcollection.com\/en\/wp-json\/wp\/v2\/pages\/310\/revisions\/14183\/"}],"up":[{"embeddable":true,"href":"https:\/\/sculptureetcollection.com\/en\/wp-json\/wp\/v2\/pages\/364\/"}],"wp:featuredmedia":[{"embeddable":true,"href":"https:\/\/sculptureetcollection.com\/en\/wp-json\/wp\/v2\/media\/9858\/"}],"wp:attachment":[{"href":"https:\/\/sculptureetcollection.com\/en\/wp-json\/wp\/v2\/media\/?parent=310"}],"curies":[{"name":"wp","href":"https:\/\/api.w.org\/{rel}","templated":true}]}}