{"id":297,"date":"2016-11-02T22:51:39","date_gmt":"2016-11-02T21:51:39","guid":{"rendered":"http:\/\/sculptureetcollection.com\/maquette\/?page_id=297"},"modified":"2023-09-04T10:55:24","modified_gmt":"2023-09-04T08:55:24","slug":"presentation","status":"publish","type":"page","link":"https:\/\/sculptureetcollection.com\/en\/cabinet-dexpertise\/presentation\/","title":{"rendered":"Le Cabinet d&#8217;expertise"},"content":{"rendered":"<div class=\"row\">\n<div class=\"col-md-8\">\n<div id=\"presentation_cabinet_content\">\n<p><span id=\"presentation_cabinet_content_intro\" style=\"color: #861b31;\"><strong>Notre cabinet d\u2019expertise Lacroix-Jeannest est d\u00e9di\u00e9 \u00e0 la sculpture occidentale du Moyen \u00c2ge \u00e0 nos jours.<\/strong><\/span><\/p>\n<p>Notre \u00e9quipe se compose de 2 sp\u00e9cialistes aux comp\u00e9tences compl\u00e9mentaires\u00a0:<\/p>\n<p>&nbsp;<\/p>\n<ul>\n<li><strong>Alexandre Lacroix, <\/strong><span class=\"presentation_cabinet_job\"><span class=\"presentation_cabinet_job\">charg\u00e9 de l&#8217;art du XVIIe au XX\u00e8me\u00a0 si\u00e8cle ;<\/span><\/span><\/li>\n<\/ul>\n<\/div>\n<div id=\"presentation_cabinet_content\">\n<ul>\n<li><strong>Elodie Jeannest de Gyv\u00e8s, <\/strong><span class=\"presentation_cabinet_job\">charg\u00e9e des p\u00e9riodes m\u00e9di\u00e9vale, renaissance et baroque.<br \/>\n<\/span><\/li>\n<\/ul>\n<div id=\"presentation_cabinet_content_texte\">\n<p align=\"justify\">Nous avons \u00e9galement cr\u00e9\u00e9 un r\u00e9seau r\u00e9actif de nombreux consultants, historiens d\u2019art, universitaires, acteurs du march\u00e9 de l\u2019art, fondeurs et restaurateurs, nous permettant d\u2019appr\u00e9hender chaque \u0153uvre dans sa sp\u00e9cificit\u00e9. Sculpture &amp; Collection s\u2019adresse aux commissaires-priseurs, institutions mus\u00e9ales, collectionneurs priv\u00e9s, notaires, aussi bien qu\u2019aux assureurs.<\/p>\n<p align=\"justify\">Nos sp\u00e9cialistes authentifient, estiment et valorisent les \u0153uvres qui leur sont confi\u00e9es. Ils effectuent \u00e9galement des recherches documentaires, des op\u00e9rations de courtage, d\u2019achat ou de vente, et du soutien logistique (transport, restauration, pr\u00e9sentation des \u0153uvres). Gr\u00e2ce \u00e0 toutes ces prestations, Sculpture &amp; Collection vous propose un accompagnement complet.<\/p>\n<p>&nbsp;<\/p>\n<p><img loading=\"lazy\" class=\"alignnone size-medium wp-image-9838\" src=\"https:\/\/sculptureetcollection.com\/wp-content\/uploads\/2020\/11\/HS5A5640-300x200.jpg\" alt=\"\" width=\"300\" height=\"200\" srcset=\"https:\/\/sculptureetcollection.com\/wp-content\/uploads\/2020\/11\/HS5A5640-300x200.jpg 300w, https:\/\/sculptureetcollection.com\/wp-content\/uploads\/2020\/11\/HS5A5640-1024x683.jpg 1024w, https:\/\/sculptureetcollection.com\/wp-content\/uploads\/2020\/11\/HS5A5640-768x512.jpg 768w, https:\/\/sculptureetcollection.com\/wp-content\/uploads\/2020\/11\/HS5A5640-1536x1024.jpg 1536w, https:\/\/sculptureetcollection.com\/wp-content\/uploads\/2020\/11\/HS5A5640-scaled.jpg 1920w\" sizes=\"(max-width: 300px) 100vw, 300px\" \/><\/p>\n<p align=\"justify\">Situ\u00e9 entre l\u2019h\u00f4tel des ventes de Drouot et le mus\u00e9e du Louvre, le cabinet Sculpture &amp; Collection est install\u00e9 au 69, rue Sainte-Anne, dans un h\u00f4tel particulier du XVII\u00e8me si\u00e8cle, ancienne propri\u00e9t\u00e9 du marquis de Louvois.<\/p>\n<p align=\"justify\">Le b\u00e2timent est aujourd\u2019hui d\u00e9di\u00e9 aux Beaux-Arts, les trois disciplines y sont repr\u00e9sent\u00e9es : Sculpture &amp; Collection y c\u00f4toie les cabinets Turquin et de Bayser, experts en peinture et en dessin. Nous nous trouvons au 3\u00e8me \u00e9tage.<\/p>\n<\/div>\n<\/div>\n<\/div>\n<div class=\"row\">\n<div class=\"col-md-4\">\n<div id=\"presentation_cabinet_demarche\">\n<h2>Notre d\u00e9marche<\/h2>\n<p>Notre d\u00e9marche se fonde sur une m\u00e9thodologie rigoureuse et performante\u00a0:<\/p>\n<p>&nbsp;<\/p>\n<ul>\n<li>un travail coll\u00e9gial permettant un regard crois\u00e9 sur chaque \u0153uvre \u00e9tudi\u00e9e<\/li>\n<\/ul>\n<p>&nbsp;<\/p>\n<ul>\n<li>un recours \u00e0 une vaste documentation compos\u00e9e de notre biblioth\u00e8que sp\u00e9cialis\u00e9e et d\u2019un fonds num\u00e9rique toujours plus important gr\u00e2ce \u00e0 la maitrise des bases de donn\u00e9es et des outils d\u2019information \u00e0 la pointe<\/li>\n<\/ul>\n<p>&nbsp;<\/p>\n<ul>\n<li>des recherches autour de la provenance des \u0153uvres en lien avec leur typologie<\/li>\n<\/ul>\n<p>&nbsp;<\/p>\n<ul>\n<li>des analyses et descriptions techniques pr\u00e9cises de la probl\u00e9matique des multiples (fontes en bronze, \u00e9ditions en terre cuite \u2026)<\/li>\n<\/ul>\n<p>&nbsp;<\/p>\n<ul>\n<li>une attention particuli\u00e8re port\u00e9e sur l\u2019\u00e9tude et la description de l\u2019\u00e9tat de conservation de l\u2019objet, en collaboration avec des restaurateurs<\/li>\n<\/ul>\n<p>&nbsp;<\/p>\n<ul>\n<li>la sollicitation d&#8217;un r\u00e9seau de consultants pour valider nos conclusions<\/li>\n<\/ul>\n<\/div>\n<\/div>\n<div class=\"row\">\n<div class=\"col-md-8\">\n<div id=\"presentation_cabinet_content\">\n<h2>Elodie Jeannest de Gyv\u00e8s<\/h2>\n<p><img loading=\"lazy\" class=\"alignnone size-medium wp-image-9836\" src=\"https:\/\/sculptureetcollection.com\/wp-content\/uploads\/2020\/11\/Elodie-Jeannest-web-281x300.jpg\" alt=\"\" width=\"281\" height=\"300\" srcset=\"https:\/\/sculptureetcollection.com\/wp-content\/uploads\/2020\/11\/Elodie-Jeannest-web-281x300.jpg 281w, https:\/\/sculptureetcollection.com\/wp-content\/uploads\/2020\/11\/Elodie-Jeannest-web-768x821.jpg 768w, https:\/\/sculptureetcollection.com\/wp-content\/uploads\/2020\/11\/Elodie-Jeannest-web-168x180.jpg 168w, https:\/\/sculptureetcollection.com\/wp-content\/uploads\/2020\/11\/Elodie-Jeannest-web-253x270.jpg 253w, https:\/\/sculptureetcollection.com\/wp-content\/uploads\/2020\/11\/Elodie-Jeannest-web.jpg 800w\" sizes=\"(max-width: 281px) 100vw, 281px\" \/><\/p>\n<p align=\"justify\">Dipl\u00f4m\u00e9e de la Sorbonne et de l\u2019Ecole du Louvre, Elodie Jeannest de Gyv\u00e8s est sp\u00e9cialiste de sculpture ancienne (Moyen-\u00c2ge, Renaissance et Baroque) et membre du Syndicat Fran\u00e7ais des Experts Professionnels en \u0152uvres d\u2019Art. Sa carri\u00e8re commenc\u00e9e \u00e0 la Cit\u00e9 de l\u2019Architecture et du Patrimoine en 2002 s\u2019est poursuivie \u00e0 l\u2019Agence France-Mus\u00e9ums, op\u00e9rateur fran\u00e7ais du mus\u00e9e du Louvre Abu Dhabi. Cette mission comprenait une participation \u00e0 la r\u00e9daction du projet scientifique et culturel (PSC), la prospection, l\u2019\u00e9tude et la pr\u00e9-s\u00e9lection des acquisitions pour la p\u00e9riode m\u00e9di\u00e9vale. Ces fonctions lui ont notamment permis de d\u00e9velopper une ma\u00eetrise des relations entre institutions et march\u00e9 de l\u2019art sur le plan international. Ses pr\u00e9f\u00e9rences personnelles vont \u00e0 la sculpture romane fran\u00e7aise, \u00e0 l\u2019Ecole Souabe du XVe si\u00e8cle et les sculpteurs de l&#8217;\u00e9cole romaine autour du Bernin.<\/p>\n<p>contact : e.jeannest@sculptureetcollection.com<\/p>\n<p>&nbsp;<\/p>\n<h2>Alexandre Lacroix<\/h2>\n<p><img loading=\"lazy\" class=\"alignnone size-medium wp-image-9822\" src=\"https:\/\/sculptureetcollection.com\/wp-content\/uploads\/2020\/11\/Alexandre-Lacroix-2-web-286x300.jpg\" alt=\"\" width=\"286\" height=\"300\" srcset=\"https:\/\/sculptureetcollection.com\/wp-content\/uploads\/2020\/11\/Alexandre-Lacroix-2-web-286x300.jpg 286w, https:\/\/sculptureetcollection.com\/wp-content\/uploads\/2020\/11\/Alexandre-Lacroix-2-web-975x1024.jpg 975w, https:\/\/sculptureetcollection.com\/wp-content\/uploads\/2020\/11\/Alexandre-Lacroix-2-web-768x806.jpg 768w, https:\/\/sculptureetcollection.com\/wp-content\/uploads\/2020\/11\/Alexandre-Lacroix-2-web-1463x1536.jpg 1463w, https:\/\/sculptureetcollection.com\/wp-content\/uploads\/2020\/11\/Alexandre-Lacroix-2-web-171x180.jpg 171w, https:\/\/sculptureetcollection.com\/wp-content\/uploads\/2020\/11\/Alexandre-Lacroix-2-web-257x270.jpg 257w, https:\/\/sculptureetcollection.com\/wp-content\/uploads\/2020\/11\/Alexandre-Lacroix-2-web.jpg 1800w\" sizes=\"(max-width: 286px) 100vw, 286px\" \/><\/p>\n<p align=\"justify\">Sp\u00e9cialiste de la sculpture des XVIIe et XVIIIe si\u00e8cles, Alexandre Lacroix est issu d\u2019une famille d\u2019experts reconnus. Fort de vingt-cinq ans d\u2019exp\u00e9rience dans le march\u00e9 de l\u2019art, il est membre du Syndicat Fran\u00e7ais des Experts Professionnels en \u0152uvres d\u2019Art. Les plus grandes maisons de ventes publiques fran\u00e7aises (Artcurial, Tajan, Binoche &amp; Giquello) font confiance \u00e0 son \u0153il. Ses domaines de pr\u00e9dilection sont les bronzes du XVIIe si\u00e8cle (Anguier, Van Cl\u00e8ve, Giambologna, Susini) et les terres cuites du XVIIIe si\u00e8cle fran\u00e7ais (Clodion, Pajou et Houdon).<\/p>\n<p>Contact : a.lacroix@sculptureetcollection.com<\/p>\n<p>&nbsp;<\/p>\n<h2>Claire Flon<\/h2>\n<p><img loading=\"lazy\" class=\"alignnone size-medium wp-image-13490\" src=\"https:\/\/sculptureetcollection.com\/wp-content\/uploads\/2021\/09\/Claire8-286x300.jpg\" alt=\"\" width=\"286\" height=\"300\" srcset=\"https:\/\/sculptureetcollection.com\/wp-content\/uploads\/2021\/09\/Claire8-286x300.jpg 286w, https:\/\/sculptureetcollection.com\/wp-content\/uploads\/2021\/09\/Claire8-975x1024.jpg 975w, https:\/\/sculptureetcollection.com\/wp-content\/uploads\/2021\/09\/Claire8-768x806.jpg 768w, https:\/\/sculptureetcollection.com\/wp-content\/uploads\/2021\/09\/Claire8-1463x1536.jpg 1463w, https:\/\/sculptureetcollection.com\/wp-content\/uploads\/2021\/09\/Claire8-171x180.jpg 171w, https:\/\/sculptureetcollection.com\/wp-content\/uploads\/2021\/09\/Claire8-257x270.jpg 257w, https:\/\/sculptureetcollection.com\/wp-content\/uploads\/2021\/09\/Claire8.jpg 1829w\" sizes=\"(max-width: 286px) 100vw, 286px\" \/><\/p>\n<p align=\"justify\">Apr\u00e8s quatre ans de formation en histoire de l\u2019art \u00e0 l\u2019universit\u00e9 de Lille, Claire Flon int\u00e8gre l\u2019Ecole du Louvre en Master 2, parcours March\u00e9 de l\u2019art. En 2019, en parall\u00e8le d\u2019un stage au sein de la maison de ventes Thierry de Maigret elle est l\u2019auteur d\u2019un m\u00e9moire sur \u00ab Le march\u00e9 actuel du petit bronze des XVI\u00e8me et XVII\u00e8me si\u00e8cles \u00bb.<span class=\"Apple-converted-space\">\u00a0<\/span>Pr\u00e9sente dans l\u2019\u00e9quipe de Sculpture et Collection depuis septembre 2020, Claire Flon occupe un poste de collaboratrice scientifique, alliant travail de recherche et administration.<\/p>\n<p>Contact: contact@sculptureetcollection.com<\/p>\n<p>&nbsp;<\/p>\n<\/div>\n<\/div>\n<\/div>\n<\/div>\n<\/div>\n","protected":false},"excerpt":{"rendered":"<p>Notre cabinet d\u2019expertise Lacroix-Jeannest est d\u00e9di\u00e9 \u00e0 la sculpture occidentale du Moyen \u00c2ge \u00e0 nos jours. Notre \u00e9quipe se compose de 2 sp\u00e9cialistes aux comp\u00e9tences compl\u00e9mentaires\u00a0: &nbsp; Alexandre Lacroix, charg\u00e9 de l&#8217;art du XVIIe au XX\u00e8me\u00a0 si\u00e8cle ; Elodie Jeannest de Gyv\u00e8s, charg\u00e9e des p\u00e9riodes m\u00e9di\u00e9vale, renaissance et baroque. Nous avons \u00e9galement cr\u00e9\u00e9 un r\u00e9seau [&hellip;]<\/p>\n","protected":false},"author":1,"featured_media":9834,"parent":527,"menu_order":0,"comment_status":"closed","ping_status":"closed","template":"","meta":[],"yoast_head":"<!-- This site is optimized with the Yoast SEO plugin v15.2.1 - https:\/\/yoast.com\/wordpress\/plugins\/seo\/ -->\n<meta name=\"robots\" content=\"index, follow, max-snippet:-1, max-image-preview:large, max-video-preview:-1\" \/>\n<link rel=\"canonical\" href=\"https:\/\/sculptureetcollection.com\/en\/cabinet-dexpertise\/presentation\/\" \/>\n<meta property=\"og:locale\" content=\"en_US\" \/>\n<meta property=\"og:type\" content=\"article\" \/>\n<meta property=\"og:title\" content=\"Le Cabinet d&#039;expertise - sculpture&amp;collection\" \/>\n<meta property=\"og:description\" content=\"Notre cabinet d\u2019expertise Lacroix-Jeannest est d\u00e9di\u00e9 \u00e0 la sculpture occidentale du Moyen \u00c2ge \u00e0 nos jours. Notre \u00e9quipe se compose de 2 sp\u00e9cialistes aux comp\u00e9tences compl\u00e9mentaires\u00a0: &nbsp; Alexandre Lacroix, charg\u00e9 de l&#8217;art du XVIIe au XX\u00e8me\u00a0 si\u00e8cle ; Elodie Jeannest de Gyv\u00e8s, charg\u00e9e des p\u00e9riodes m\u00e9di\u00e9vale, renaissance et baroque. Nous avons \u00e9galement cr\u00e9\u00e9 un r\u00e9seau [&hellip;]\" \/>\n<meta property=\"og:url\" content=\"https:\/\/sculptureetcollection.com\/cabinet-dexpertise\/presentation\/\" \/>\n<meta property=\"og:site_name\" content=\"sculpture&amp;collection\" \/>\n<meta property=\"article:modified_time\" content=\"2023-09-04T08:55:24+00:00\" \/>\n<meta property=\"og:image\" content=\"https:\/\/sculptureetcollection.com\/wp-content\/uploads\/2020\/11\/Elodie-J-et-Alexandre-L-3.-web.jpg\" \/>\n\t<meta property=\"og:image:width\" content=\"800\" \/>\n\t<meta property=\"og:image:height\" content=\"557\" \/>\n<meta name=\"twitter:card\" content=\"summary\" \/>\n<meta name=\"twitter:label1\" content=\"Written by\">\n\t<meta name=\"twitter:data1\" content=\"birgit.b\">\n\t<meta name=\"twitter:label2\" content=\"Est. reading time\">\n\t<meta name=\"twitter:data2\" content=\"3 minutes\">\n<script type=\"application\/ld+json\" class=\"yoast-schema-graph\">{\"@context\":\"https:\/\/schema.org\",\"@graph\":[{\"@type\":\"WebSite\",\"@id\":\"https:\/\/sculptureetcollection.com\/#website\",\"url\":\"https:\/\/sculptureetcollection.com\/\",\"name\":\"sculpture&amp;collection\",\"description\":\"\",\"potentialAction\":[{\"@type\":\"SearchAction\",\"target\":\"https:\/\/sculptureetcollection.com\/?s={search_term_string}\",\"query-input\":\"required name=search_term_string\"}],\"inLanguage\":\"en-US\"},{\"@type\":\"ImageObject\",\"@id\":\"https:\/\/sculptureetcollection.com\/cabinet-dexpertise\/presentation\/#primaryimage\",\"inLanguage\":\"en-US\",\"url\":\"https:\/\/sculptureetcollection.com\/wp-content\/uploads\/2020\/11\/Elodie-J-et-Alexandre-L-3.-web.jpg\",\"width\":800,\"height\":557},{\"@type\":\"WebPage\",\"@id\":\"https:\/\/sculptureetcollection.com\/cabinet-dexpertise\/presentation\/#webpage\",\"url\":\"https:\/\/sculptureetcollection.com\/cabinet-dexpertise\/presentation\/\",\"name\":\"Le Cabinet d'expertise - sculpture&amp;collection\",\"isPartOf\":{\"@id\":\"https:\/\/sculptureetcollection.com\/#website\"},\"primaryImageOfPage\":{\"@id\":\"https:\/\/sculptureetcollection.com\/cabinet-dexpertise\/presentation\/#primaryimage\"},\"datePublished\":\"2016-11-02T21:51:39+00:00\",\"dateModified\":\"2023-09-04T08:55:24+00:00\",\"inLanguage\":\"en-US\",\"potentialAction\":[{\"@type\":\"ReadAction\",\"target\":[\"https:\/\/sculptureetcollection.com\/cabinet-dexpertise\/presentation\/\"]}]}]}<\/script>\n<!-- \/ Yoast SEO plugin. -->","_links":{"self":[{"href":"https:\/\/sculptureetcollection.com\/en\/wp-json\/wp\/v2\/pages\/297\/"}],"collection":[{"href":"https:\/\/sculptureetcollection.com\/en\/wp-json\/wp\/v2\/pages\/"}],"about":[{"href":"https:\/\/sculptureetcollection.com\/en\/wp-json\/wp\/v2\/types\/page\/"}],"author":[{"embeddable":true,"href":"https:\/\/sculptureetcollection.com\/en\/wp-json\/wp\/v2\/users\/1\/"}],"replies":[{"embeddable":true,"href":"https:\/\/sculptureetcollection.com\/en\/wp-json\/wp\/v2\/comments\/?post=297"}],"version-history":[{"count":117,"href":"https:\/\/sculptureetcollection.com\/en\/wp-json\/wp\/v2\/pages\/297\/revisions\/"}],"predecessor-version":[{"id":38021,"href":"https:\/\/sculptureetcollection.com\/en\/wp-json\/wp\/v2\/pages\/297\/revisions\/38021\/"}],"up":[{"embeddable":true,"href":"https:\/\/sculptureetcollection.com\/en\/wp-json\/wp\/v2\/pages\/527\/"}],"wp:featuredmedia":[{"embeddable":true,"href":"https:\/\/sculptureetcollection.com\/en\/wp-json\/wp\/v2\/media\/9834\/"}],"wp:attachment":[{"href":"https:\/\/sculptureetcollection.com\/en\/wp-json\/wp\/v2\/media\/?parent=297"}],"curies":[{"name":"wp","href":"https:\/\/api.w.org\/{rel}","templated":true}]}}