{"id":262,"date":"2016-10-25T14:51:48","date_gmt":"2016-10-25T12:51:48","guid":{"rendered":"http:\/\/sculptureetcollection.com\/maquette\/?page_id=262"},"modified":"2021-10-21T17:36:34","modified_gmt":"2021-10-21T15:36:34","slug":"achat-vente","status":"publish","type":"page","link":"https:\/\/sculptureetcollection.com\/en\/prestations\/achat-vente\/","title":{"rendered":"Achat &#038; Vente"},"content":{"rendered":"<div id=\"achat_vente\">\n<h2>Achat<\/h2>\n<p align=\"justify\"> Nos sp\u00e9cialistes vous accompagnent pour la recherche d\u2019\u0153uvres sculpt\u00e9es de toute \u00e9poque en fonction de vos go\u00fbts et de vos besoins. Ils garantissent leur authenticit\u00e9, leur valeur, leur provenance et leur \u00e9tat de conservation.<\/p>\n<h2>Vente<\/h2>\n<p align=\"justify\"> Nos sp\u00e9cialistes vous conseillent pour la vente de vos sculptures. Ils d\u00e9terminent leur valeur marchande, et vous proposent la m\u00e9thode de vente la plus adapt\u00e9e :<\/p>\n<ul>\n<li>Vente publique aux ench\u00e8res ;<\/li>\n<li>Vente de gr\u00e9 \u00e0 gr\u00e9 \u00e0 un particulier, une galerie, ou une institution.<\/li>\n<\/ul>\n<p>&nbsp;<\/p>\n<\/div>\n","protected":false},"excerpt":{"rendered":"<p>Achat Nos sp\u00e9cialistes vous accompagnent pour la recherche d\u2019\u0153uvres sculpt\u00e9es de toute \u00e9poque en fonction de vos go\u00fbts et de vos besoins. Ils garantissent leur authenticit\u00e9, leur valeur, leur provenance et leur \u00e9tat de conservation. Vente Nos sp\u00e9cialistes vous conseillent pour la vente de vos sculptures. Ils d\u00e9terminent leur valeur marchande, et vous proposent la [&hellip;]<\/p>\n","protected":false},"author":1,"featured_media":9860,"parent":364,"menu_order":3,"comment_status":"closed","ping_status":"closed","template":"page.php","meta":[],"yoast_head":"<!-- This site is optimized with the Yoast SEO plugin v15.2.1 - https:\/\/yoast.com\/wordpress\/plugins\/seo\/ -->\n<meta name=\"robots\" content=\"index, follow, max-snippet:-1, max-image-preview:large, max-video-preview:-1\" \/>\n<link rel=\"canonical\" href=\"https:\/\/sculptureetcollection.com\/en\/prestations\/achat-vente\/\" \/>\n<meta property=\"og:locale\" content=\"en_US\" \/>\n<meta property=\"og:type\" content=\"article\" \/>\n<meta property=\"og:title\" content=\"Achat &amp; Vente - sculpture&amp;collection\" \/>\n<meta property=\"og:description\" content=\"Achat Nos sp\u00e9cialistes vous accompagnent pour la recherche d\u2019\u0153uvres sculpt\u00e9es de toute \u00e9poque en fonction de vos go\u00fbts et de vos besoins. Ils garantissent leur authenticit\u00e9, leur valeur, leur provenance et leur \u00e9tat de conservation. Vente Nos sp\u00e9cialistes vous conseillent pour la vente de vos sculptures. Ils d\u00e9terminent leur valeur marchande, et vous proposent la [&hellip;]\" \/>\n<meta property=\"og:url\" content=\"https:\/\/sculptureetcollection.com\/prestations\/achat-vente\/\" \/>\n<meta property=\"og:site_name\" content=\"sculpture&amp;collection\" \/>\n<meta property=\"article:modified_time\" content=\"2021-10-21T15:36:34+00:00\" \/>\n<meta property=\"og:image\" content=\"https:\/\/sculptureetcollection.com\/wp-content\/uploads\/2020\/11\/Claudel-Signature-scaled.jpg\" \/>\n\t<meta property=\"og:image:width\" content=\"1920\" \/>\n\t<meta property=\"og:image:height\" content=\"1920\" \/>\n<meta name=\"twitter:card\" content=\"summary\" \/>\n<meta name=\"twitter:label1\" content=\"Written by\">\n\t<meta name=\"twitter:data1\" content=\"birgit.b\">\n\t<meta name=\"twitter:label2\" content=\"Est. reading time\">\n\t<meta name=\"twitter:data2\" content=\"0 minutes\">\n<script type=\"application\/ld+json\" class=\"yoast-schema-graph\">{\"@context\":\"https:\/\/schema.org\",\"@graph\":[{\"@type\":\"WebSite\",\"@id\":\"https:\/\/sculptureetcollection.com\/#website\",\"url\":\"https:\/\/sculptureetcollection.com\/\",\"name\":\"sculpture&amp;collection\",\"description\":\"\",\"potentialAction\":[{\"@type\":\"SearchAction\",\"target\":\"https:\/\/sculptureetcollection.com\/?s={search_term_string}\",\"query-input\":\"required name=search_term_string\"}],\"inLanguage\":\"en-US\"},{\"@type\":\"ImageObject\",\"@id\":\"https:\/\/sculptureetcollection.com\/prestations\/achat-vente\/#primaryimage\",\"inLanguage\":\"en-US\",\"url\":\"https:\/\/sculptureetcollection.com\/wp-content\/uploads\/2020\/11\/Claudel-Signature-scaled.jpg\",\"width\":1920,\"height\":1920},{\"@type\":\"WebPage\",\"@id\":\"https:\/\/sculptureetcollection.com\/prestations\/achat-vente\/#webpage\",\"url\":\"https:\/\/sculptureetcollection.com\/prestations\/achat-vente\/\",\"name\":\"Achat & Vente - sculpture&amp;collection\",\"isPartOf\":{\"@id\":\"https:\/\/sculptureetcollection.com\/#website\"},\"primaryImageOfPage\":{\"@id\":\"https:\/\/sculptureetcollection.com\/prestations\/achat-vente\/#primaryimage\"},\"datePublished\":\"2016-10-25T12:51:48+00:00\",\"dateModified\":\"2021-10-21T15:36:34+00:00\",\"inLanguage\":\"en-US\",\"potentialAction\":[{\"@type\":\"ReadAction\",\"target\":[\"https:\/\/sculptureetcollection.com\/prestations\/achat-vente\/\"]}]}]}<\/script>\n<!-- \/ Yoast SEO plugin. -->","_links":{"self":[{"href":"https:\/\/sculptureetcollection.com\/en\/wp-json\/wp\/v2\/pages\/262\/"}],"collection":[{"href":"https:\/\/sculptureetcollection.com\/en\/wp-json\/wp\/v2\/pages\/"}],"about":[{"href":"https:\/\/sculptureetcollection.com\/en\/wp-json\/wp\/v2\/types\/page\/"}],"author":[{"embeddable":true,"href":"https:\/\/sculptureetcollection.com\/en\/wp-json\/wp\/v2\/users\/1\/"}],"replies":[{"embeddable":true,"href":"https:\/\/sculptureetcollection.com\/en\/wp-json\/wp\/v2\/comments\/?post=262"}],"version-history":[{"count":8,"href":"https:\/\/sculptureetcollection.com\/en\/wp-json\/wp\/v2\/pages\/262\/revisions\/"}],"predecessor-version":[{"id":14184,"href":"https:\/\/sculptureetcollection.com\/en\/wp-json\/wp\/v2\/pages\/262\/revisions\/14184\/"}],"up":[{"embeddable":true,"href":"https:\/\/sculptureetcollection.com\/en\/wp-json\/wp\/v2\/pages\/364\/"}],"wp:featuredmedia":[{"embeddable":true,"href":"https:\/\/sculptureetcollection.com\/en\/wp-json\/wp\/v2\/media\/9860\/"}],"wp:attachment":[{"href":"https:\/\/sculptureetcollection.com\/en\/wp-json\/wp\/v2\/media\/?parent=262"}],"curies":[{"name":"wp","href":"https:\/\/api.w.org\/{rel}","templated":true}]}}